{"id":1474,"date":"2023-09-19T09:51:36","date_gmt":"2023-09-19T07:51:36","guid":{"rendered":"https:\/\/innovatika.com\/?page_id=1474"},"modified":"2024-03-26T15:06:18","modified_gmt":"2024-03-26T14:06:18","slug":"tworzenie-produktow-i-uslug","status":"publish","type":"page","link":"https:\/\/innovatika.sowiak.dev\/pl\/uslugi\/tworzenie-produktow-i-uslug\/","title":{"rendered":"Zbuduj Produkty i Us\u0142ugi"},"content":{"rendered":"","protected":false},"excerpt":{"rendered":"","protected":false},"author":3,"featured_media":0,"parent":602,"menu_order":0,"comment_status":"closed","ping_status":"closed","template":"templates\/service-template.php","meta":{"inline_featured_image":false,"footnotes":""},"class_list":["post-1474","page","type-page","status-publish","hentry"],"acf":[],"yoast_head":"<!-- This site is optimized with the Yoast SEO plugin v22.4 - https:\/\/yoast.com\/wordpress\/plugins\/seo\/ -->\n<title>Zbuduj Produkty i Us\u0142ugi - Innovatika<\/title>\n<meta name=\"description\" content=\"Koncentrujemy si\u0119 na opracowywaniu i tworzeniu najnowocze\u015bniejszych produkt\u00f3w i us\u0142ug, kt\u00f3re spe\u0142niaj\u0105 oczekiwania u\u017cytkownik\u00f3w.\" \/>\n<meta name=\"robots\" content=\"index, follow, max-snippet:-1, max-image-preview:large, max-video-preview:-1\" \/>\n<link rel=\"canonical\" href=\"https:\/\/innovatika.sowiak.dev\/pl\/uslugi\/tworzenie-produktow-i-uslug\/\" \/>\n<meta property=\"og:locale\" content=\"pl_PL\" \/>\n<meta property=\"og:type\" content=\"article\" \/>\n<meta property=\"og:title\" content=\"Zbuduj Produkty i Us\u0142ugi - Innovatika\" \/>\n<meta property=\"og:description\" content=\"Koncentrujemy si\u0119 na opracowywaniu i tworzeniu najnowocze\u015bniejszych produkt\u00f3w i us\u0142ug, kt\u00f3re spe\u0142niaj\u0105 oczekiwania u\u017cytkownik\u00f3w.\" \/>\n<meta property=\"og:url\" content=\"https:\/\/innovatika.sowiak.dev\/pl\/uslugi\/tworzenie-produktow-i-uslug\/\" \/>\n<meta property=\"og:site_name\" content=\"Innovatika\" \/>\n<meta property=\"article:modified_time\" content=\"2024-03-26T14:06:18+00:00\" \/>\n<meta property=\"og:image\" content=\"https:\/\/innovatika.sowiak.dev\/wp-content\/uploads\/2024\/03\/Miniatura-PL.png\" \/>\n\t<meta property=\"og:image:width\" content=\"1200\" \/>\n\t<meta property=\"og:image:height\" content=\"627\" \/>\n\t<meta property=\"og:image:type\" content=\"image\/png\" \/>\n<script type=\"application\/ld+json\" class=\"yoast-schema-graph\">{\"@context\":\"https:\/\/schema.org\",\"@graph\":[{\"@type\":\"WebPage\",\"@id\":\"https:\/\/innovatika.sowiak.dev\/pl\/uslugi\/tworzenie-produktow-i-uslug\/\",\"url\":\"https:\/\/innovatika.sowiak.dev\/pl\/uslugi\/tworzenie-produktow-i-uslug\/\",\"name\":\"Zbuduj Produkty i Us\u0142ugi - Innovatika\",\"isPartOf\":{\"@id\":\"https:\/\/innovatika.sowiak.dev\/#website\"},\"datePublished\":\"2023-09-19T07:51:36+00:00\",\"dateModified\":\"2024-03-26T14:06:18+00:00\",\"description\":\"Koncentrujemy si\u0119 na opracowywaniu i tworzeniu najnowocze\u015bniejszych produkt\u00f3w i us\u0142ug, kt\u00f3re spe\u0142niaj\u0105 oczekiwania u\u017cytkownik\u00f3w.\",\"breadcrumb\":{\"@id\":\"https:\/\/innovatika.sowiak.dev\/pl\/uslugi\/tworzenie-produktow-i-uslug\/#breadcrumb\"},\"inLanguage\":\"pl-PL\",\"potentialAction\":[{\"@type\":\"ReadAction\",\"target\":[\"https:\/\/innovatika.sowiak.dev\/pl\/uslugi\/tworzenie-produktow-i-uslug\/\"]}]},{\"@type\":\"BreadcrumbList\",\"@id\":\"https:\/\/innovatika.sowiak.dev\/pl\/uslugi\/tworzenie-produktow-i-uslug\/#breadcrumb\",\"itemListElement\":[{\"@type\":\"ListItem\",\"position\":1,\"name\":\"Us\u0142ugi\",\"item\":\"https:\/\/innovatika.sowiak.dev\/pl\/uslugi\/\"},{\"@type\":\"ListItem\",\"position\":2,\"name\":\"Zbuduj Produkty i Us\u0142ugi\"}]},{\"@type\":\"WebSite\",\"@id\":\"https:\/\/innovatika.sowiak.dev\/#website\",\"url\":\"https:\/\/innovatika.sowiak.dev\/\",\"name\":\"Innovatika\",\"description\":\"\",\"potentialAction\":[{\"@type\":\"SearchAction\",\"target\":{\"@type\":\"EntryPoint\",\"urlTemplate\":\"https:\/\/innovatika.sowiak.dev\/?s={search_term_string}\"},\"query-input\":\"required name=search_term_string\"}],\"inLanguage\":\"pl-PL\"}]}<\/script>\n<!-- \/ Yoast SEO plugin. -->","yoast_head_json":{"title":"Zbuduj Produkty i Us\u0142ugi - Innovatika","description":"Koncentrujemy si\u0119 na opracowywaniu i tworzeniu najnowocze\u015bniejszych produkt\u00f3w i us\u0142ug, kt\u00f3re spe\u0142niaj\u0105 oczekiwania u\u017cytkownik\u00f3w.","robots":{"index":"index","follow":"follow","max-snippet":"max-snippet:-1","max-image-preview":"max-image-preview:large","max-video-preview":"max-video-preview:-1"},"canonical":"https:\/\/innovatika.sowiak.dev\/pl\/uslugi\/tworzenie-produktow-i-uslug\/","og_locale":"pl_PL","og_type":"article","og_title":"Zbuduj Produkty i Us\u0142ugi - Innovatika","og_description":"Koncentrujemy si\u0119 na opracowywaniu i tworzeniu najnowocze\u015bniejszych produkt\u00f3w i us\u0142ug, kt\u00f3re spe\u0142niaj\u0105 oczekiwania u\u017cytkownik\u00f3w.","og_url":"https:\/\/innovatika.sowiak.dev\/pl\/uslugi\/tworzenie-produktow-i-uslug\/","og_site_name":"Innovatika","article_modified_time":"2024-03-26T14:06:18+00:00","og_image":[{"width":1200,"height":627,"url":"https:\/\/innovatika.sowiak.dev\/wp-content\/uploads\/2024\/03\/Miniatura-PL.png","type":"image\/png"}],"schema":{"@context":"https:\/\/schema.org","@graph":[{"@type":"WebPage","@id":"https:\/\/innovatika.sowiak.dev\/pl\/uslugi\/tworzenie-produktow-i-uslug\/","url":"https:\/\/innovatika.sowiak.dev\/pl\/uslugi\/tworzenie-produktow-i-uslug\/","name":"Zbuduj Produkty i Us\u0142ugi - Innovatika","isPartOf":{"@id":"https:\/\/innovatika.sowiak.dev\/#website"},"datePublished":"2023-09-19T07:51:36+00:00","dateModified":"2024-03-26T14:06:18+00:00","description":"Koncentrujemy si\u0119 na opracowywaniu i tworzeniu najnowocze\u015bniejszych produkt\u00f3w i us\u0142ug, kt\u00f3re spe\u0142niaj\u0105 oczekiwania u\u017cytkownik\u00f3w.","breadcrumb":{"@id":"https:\/\/innovatika.sowiak.dev\/pl\/uslugi\/tworzenie-produktow-i-uslug\/#breadcrumb"},"inLanguage":"pl-PL","potentialAction":[{"@type":"ReadAction","target":["https:\/\/innovatika.sowiak.dev\/pl\/uslugi\/tworzenie-produktow-i-uslug\/"]}]},{"@type":"BreadcrumbList","@id":"https:\/\/innovatika.sowiak.dev\/pl\/uslugi\/tworzenie-produktow-i-uslug\/#breadcrumb","itemListElement":[{"@type":"ListItem","position":1,"name":"Us\u0142ugi","item":"https:\/\/innovatika.sowiak.dev\/pl\/uslugi\/"},{"@type":"ListItem","position":2,"name":"Zbuduj Produkty i Us\u0142ugi"}]},{"@type":"WebSite","@id":"https:\/\/innovatika.sowiak.dev\/#website","url":"https:\/\/innovatika.sowiak.dev\/","name":"Innovatika","description":"","potentialAction":[{"@type":"SearchAction","target":{"@type":"EntryPoint","urlTemplate":"https:\/\/innovatika.sowiak.dev\/?s={search_term_string}"},"query-input":"required name=search_term_string"}],"inLanguage":"pl-PL"}]}},"_links":{"self":[{"href":"https:\/\/innovatika.sowiak.dev\/pl\/wp-json\/wp\/v2\/pages\/1474","targetHints":{"allow":["GET"]}}],"collection":[{"href":"https:\/\/innovatika.sowiak.dev\/pl\/wp-json\/wp\/v2\/pages"}],"about":[{"href":"https:\/\/innovatika.sowiak.dev\/pl\/wp-json\/wp\/v2\/types\/page"}],"author":[{"embeddable":true,"href":"https:\/\/innovatika.sowiak.dev\/pl\/wp-json\/wp\/v2\/users\/3"}],"replies":[{"embeddable":true,"href":"https:\/\/innovatika.sowiak.dev\/pl\/wp-json\/wp\/v2\/comments?post=1474"}],"version-history":[{"count":14,"href":"https:\/\/innovatika.sowiak.dev\/pl\/wp-json\/wp\/v2\/pages\/1474\/revisions"}],"predecessor-version":[{"id":2838,"href":"https:\/\/innovatika.sowiak.dev\/pl\/wp-json\/wp\/v2\/pages\/1474\/revisions\/2838"}],"up":[{"embeddable":true,"href":"https:\/\/innovatika.sowiak.dev\/pl\/wp-json\/wp\/v2\/pages\/602"}],"wp:attachment":[{"href":"https:\/\/innovatika.sowiak.dev\/pl\/wp-json\/wp\/v2\/media?parent=1474"}],"curies":[{"name":"wp","href":"https:\/\/api.w.org\/{rel}","templated":true}]}}