{"id":2471,"date":"2023-12-02T14:45:13","date_gmt":"2023-12-02T13:45:13","guid":{"rendered":"https:\/\/innovatika.com\/?page_id=2471"},"modified":"2025-02-08T10:40:18","modified_gmt":"2025-02-08T09:40:18","slug":"ubezpieczenie-jutra","status":"publish","type":"page","link":"https:\/\/innovatika.sowiak.dev\/pl\/lp\/ubezpieczenie-jutra\/","title":{"rendered":"Ubezpieczenie jutra"},"content":{"rendered":"","protected":false},"excerpt":{"rendered":"","protected":false},"author":1,"featured_media":0,"parent":907,"menu_order":0,"comment_status":"closed","ping_status":"closed","template":"lp\/insurance-of-tomorrow.php","meta":{"inline_featured_image":false,"footnotes":""},"class_list":["post-2471","page","type-page","status-publish","hentry"],"acf":[],"yoast_head":"<!-- This site is optimized with the Yoast SEO plugin v22.4 - https:\/\/yoast.com\/wordpress\/plugins\/seo\/ -->\n<title>Raport &quot;Ubezpieczenia Jutra&quot; Poznaj 24 inspiruj\u0105ce trendy - Innovatika<\/title>\n<meta name=\"description\" content=\"Raport &quot;Ubezpieczenia jutra&quot; rzuca \u015bwiat\u0142o na 24 kluczowe trendy, kt\u00f3re kszta\u0142tuj\u0105 bran\u017ce ubezpiecze\u0144. Poznaj je ju\u017c dzi\u015b.\" \/>\n<meta name=\"robots\" content=\"index, follow, max-snippet:-1, max-image-preview:large, max-video-preview:-1\" \/>\n<link rel=\"canonical\" href=\"https:\/\/innovatika.sowiak.dev\/pl\/lp\/ubezpieczenie-jutra\/\" \/>\n<meta property=\"og:locale\" content=\"pl_PL\" \/>\n<meta property=\"og:type\" content=\"article\" \/>\n<meta property=\"og:title\" content=\"Raport &quot;Ubezpieczenia Jutra&quot; Poznaj 24 inspiruj\u0105ce trendy - Innovatika\" \/>\n<meta property=\"og:description\" content=\"Raport &quot;Ubezpieczenia jutra&quot; rzuca \u015bwiat\u0142o na 24 kluczowe trendy, kt\u00f3re kszta\u0142tuj\u0105 bran\u017ce ubezpiecze\u0144. Poznaj je ju\u017c dzi\u015b.\" \/>\n<meta property=\"og:url\" content=\"https:\/\/innovatika.sowiak.dev\/pl\/lp\/ubezpieczenie-jutra\/\" \/>\n<meta property=\"og:site_name\" content=\"Innovatika\" \/>\n<meta property=\"article:modified_time\" content=\"2025-02-08T09:40:18+00:00\" \/>\n<script type=\"application\/ld+json\" class=\"yoast-schema-graph\">{\"@context\":\"https:\/\/schema.org\",\"@graph\":[{\"@type\":\"WebPage\",\"@id\":\"https:\/\/innovatika.sowiak.dev\/pl\/lp\/ubezpieczenie-jutra\/\",\"url\":\"https:\/\/innovatika.sowiak.dev\/pl\/lp\/ubezpieczenie-jutra\/\",\"name\":\"Raport \\\"Ubezpieczenia Jutra\\\" Poznaj 24 inspiruj\u0105ce trendy - Innovatika\",\"isPartOf\":{\"@id\":\"https:\/\/innovatika.sowiak.dev\/#website\"},\"datePublished\":\"2023-12-02T13:45:13+00:00\",\"dateModified\":\"2025-02-08T09:40:18+00:00\",\"description\":\"Raport \\\"Ubezpieczenia jutra\\\" rzuca \u015bwiat\u0142o na 24 kluczowe trendy, kt\u00f3re kszta\u0142tuj\u0105 bran\u017ce ubezpiecze\u0144. Poznaj je ju\u017c dzi\u015b.\",\"breadcrumb\":{\"@id\":\"https:\/\/innovatika.sowiak.dev\/pl\/lp\/ubezpieczenie-jutra\/#breadcrumb\"},\"inLanguage\":\"pl-PL\",\"potentialAction\":[{\"@type\":\"ReadAction\",\"target\":[\"https:\/\/innovatika.sowiak.dev\/pl\/lp\/ubezpieczenie-jutra\/\"]}]},{\"@type\":\"BreadcrumbList\",\"@id\":\"https:\/\/innovatika.sowiak.dev\/pl\/lp\/ubezpieczenie-jutra\/#breadcrumb\",\"itemListElement\":[{\"@type\":\"ListItem\",\"position\":1,\"name\":\"LP\",\"item\":\"https:\/\/innovatika.sowiak.dev\/pl\/lp\/\"},{\"@type\":\"ListItem\",\"position\":2,\"name\":\"Ubezpieczenie jutra\"}]},{\"@type\":\"WebSite\",\"@id\":\"https:\/\/innovatika.sowiak.dev\/#website\",\"url\":\"https:\/\/innovatika.sowiak.dev\/\",\"name\":\"Innovatika\",\"description\":\"\",\"potentialAction\":[{\"@type\":\"SearchAction\",\"target\":{\"@type\":\"EntryPoint\",\"urlTemplate\":\"https:\/\/innovatika.sowiak.dev\/?s={search_term_string}\"},\"query-input\":\"required name=search_term_string\"}],\"inLanguage\":\"pl-PL\"}]}<\/script>\n<!-- \/ Yoast SEO plugin. -->","yoast_head_json":{"title":"Raport \"Ubezpieczenia Jutra\" Poznaj 24 inspiruj\u0105ce trendy - Innovatika","description":"Raport \"Ubezpieczenia jutra\" rzuca \u015bwiat\u0142o na 24 kluczowe trendy, kt\u00f3re kszta\u0142tuj\u0105 bran\u017ce ubezpiecze\u0144. Poznaj je ju\u017c dzi\u015b.","robots":{"index":"index","follow":"follow","max-snippet":"max-snippet:-1","max-image-preview":"max-image-preview:large","max-video-preview":"max-video-preview:-1"},"canonical":"https:\/\/innovatika.sowiak.dev\/pl\/lp\/ubezpieczenie-jutra\/","og_locale":"pl_PL","og_type":"article","og_title":"Raport \"Ubezpieczenia Jutra\" Poznaj 24 inspiruj\u0105ce trendy - Innovatika","og_description":"Raport \"Ubezpieczenia jutra\" rzuca \u015bwiat\u0142o na 24 kluczowe trendy, kt\u00f3re kszta\u0142tuj\u0105 bran\u017ce ubezpiecze\u0144. Poznaj je ju\u017c dzi\u015b.","og_url":"https:\/\/innovatika.sowiak.dev\/pl\/lp\/ubezpieczenie-jutra\/","og_site_name":"Innovatika","article_modified_time":"2025-02-08T09:40:18+00:00","schema":{"@context":"https:\/\/schema.org","@graph":[{"@type":"WebPage","@id":"https:\/\/innovatika.sowiak.dev\/pl\/lp\/ubezpieczenie-jutra\/","url":"https:\/\/innovatika.sowiak.dev\/pl\/lp\/ubezpieczenie-jutra\/","name":"Raport \"Ubezpieczenia Jutra\" Poznaj 24 inspiruj\u0105ce trendy - Innovatika","isPartOf":{"@id":"https:\/\/innovatika.sowiak.dev\/#website"},"datePublished":"2023-12-02T13:45:13+00:00","dateModified":"2025-02-08T09:40:18+00:00","description":"Raport \"Ubezpieczenia jutra\" rzuca \u015bwiat\u0142o na 24 kluczowe trendy, kt\u00f3re kszta\u0142tuj\u0105 bran\u017ce ubezpiecze\u0144. Poznaj je ju\u017c dzi\u015b.","breadcrumb":{"@id":"https:\/\/innovatika.sowiak.dev\/pl\/lp\/ubezpieczenie-jutra\/#breadcrumb"},"inLanguage":"pl-PL","potentialAction":[{"@type":"ReadAction","target":["https:\/\/innovatika.sowiak.dev\/pl\/lp\/ubezpieczenie-jutra\/"]}]},{"@type":"BreadcrumbList","@id":"https:\/\/innovatika.sowiak.dev\/pl\/lp\/ubezpieczenie-jutra\/#breadcrumb","itemListElement":[{"@type":"ListItem","position":1,"name":"LP","item":"https:\/\/innovatika.sowiak.dev\/pl\/lp\/"},{"@type":"ListItem","position":2,"name":"Ubezpieczenie jutra"}]},{"@type":"WebSite","@id":"https:\/\/innovatika.sowiak.dev\/#website","url":"https:\/\/innovatika.sowiak.dev\/","name":"Innovatika","description":"","potentialAction":[{"@type":"SearchAction","target":{"@type":"EntryPoint","urlTemplate":"https:\/\/innovatika.sowiak.dev\/?s={search_term_string}"},"query-input":"required name=search_term_string"}],"inLanguage":"pl-PL"}]}},"_links":{"self":[{"href":"https:\/\/innovatika.sowiak.dev\/pl\/wp-json\/wp\/v2\/pages\/2471","targetHints":{"allow":["GET"]}}],"collection":[{"href":"https:\/\/innovatika.sowiak.dev\/pl\/wp-json\/wp\/v2\/pages"}],"about":[{"href":"https:\/\/innovatika.sowiak.dev\/pl\/wp-json\/wp\/v2\/types\/page"}],"author":[{"embeddable":true,"href":"https:\/\/innovatika.sowiak.dev\/pl\/wp-json\/wp\/v2\/users\/1"}],"replies":[{"embeddable":true,"href":"https:\/\/innovatika.sowiak.dev\/pl\/wp-json\/wp\/v2\/comments?post=2471"}],"version-history":[{"count":5,"href":"https:\/\/innovatika.sowiak.dev\/pl\/wp-json\/wp\/v2\/pages\/2471\/revisions"}],"predecessor-version":[{"id":4758,"href":"https:\/\/innovatika.sowiak.dev\/pl\/wp-json\/wp\/v2\/pages\/2471\/revisions\/4758"}],"up":[{"embeddable":true,"href":"https:\/\/innovatika.sowiak.dev\/pl\/wp-json\/wp\/v2\/pages\/907"}],"wp:attachment":[{"href":"https:\/\/innovatika.sowiak.dev\/pl\/wp-json\/wp\/v2\/media?parent=2471"}],"curies":[{"name":"wp","href":"https:\/\/api.w.org\/{rel}","templated":true}]}}