{"id":3221,"date":"2024-03-19T09:17:04","date_gmt":"2024-03-19T08:17:04","guid":{"rendered":"https:\/\/innovatika.com\/?page_id=3221"},"modified":"2024-06-20T10:21:01","modified_gmt":"2024-06-20T08:21:01","slug":"wdrozenie-ai-w-biznesie","status":"publish","type":"page","link":"https:\/\/innovatika.sowiak.dev\/pl\/lp\/wdrozenie-ai-w-biznesie\/","title":{"rendered":"Wdro\u017cenie AI w biznesie"},"content":{"rendered":"","protected":false},"excerpt":{"rendered":"","protected":false},"author":3,"featured_media":0,"parent":907,"menu_order":0,"comment_status":"closed","ping_status":"closed","template":"templates\/service-sub-child-template.php","meta":{"inline_featured_image":false,"footnotes":""},"class_list":["post-3221","page","type-page","status-publish","hentry"],"acf":[],"yoast_head":"<!-- This site is optimized with the Yoast SEO plugin v22.4 - https:\/\/yoast.com\/wordpress\/plugins\/seo\/ -->\n<title>Wdro\u017cenie AI w biznesie - Innovatika<\/title>\n<meta name=\"description\" content=\"Nasz zesp\u00f3\u0142 ekspert\u00f3w przekszta\u0142ci AI w kluczowy element strategii biznesowej, otwieraj\u0105c nowe, niezbadane dot\u0105d \u015bcie\u017cki rozwoju.\" \/>\n<meta name=\"robots\" content=\"index, follow, max-snippet:-1, max-image-preview:large, max-video-preview:-1\" \/>\n<link rel=\"canonical\" href=\"https:\/\/innovatika.sowiak.dev\/pl\/lp\/wdrozenie-ai-w-biznesie\/\" \/>\n<meta property=\"og:locale\" content=\"pl_PL\" \/>\n<meta property=\"og:type\" content=\"article\" \/>\n<meta property=\"og:title\" content=\"Wdro\u017cenie AI w biznesie - Innovatika\" \/>\n<meta property=\"og:description\" content=\"Nasz zesp\u00f3\u0142 ekspert\u00f3w przekszta\u0142ci AI w kluczowy element strategii biznesowej, otwieraj\u0105c nowe, niezbadane dot\u0105d \u015bcie\u017cki rozwoju.\" \/>\n<meta property=\"og:url\" content=\"https:\/\/innovatika.sowiak.dev\/pl\/lp\/wdrozenie-ai-w-biznesie\/\" \/>\n<meta property=\"og:site_name\" content=\"Innovatika\" \/>\n<meta property=\"article:modified_time\" content=\"2024-06-20T08:21:01+00:00\" \/>\n<meta property=\"og:image\" content=\"https:\/\/innovatika.sowiak.dev\/wp-content\/uploads\/2024\/03\/Miniatura-PL-1.png\" \/>\n\t<meta property=\"og:image:width\" content=\"1200\" \/>\n\t<meta property=\"og:image:height\" content=\"627\" \/>\n\t<meta property=\"og:image:type\" content=\"image\/png\" \/>\n<script type=\"application\/ld+json\" class=\"yoast-schema-graph\">{\"@context\":\"https:\/\/schema.org\",\"@graph\":[{\"@type\":\"WebPage\",\"@id\":\"https:\/\/innovatika.sowiak.dev\/pl\/lp\/wdrozenie-ai-w-biznesie\/\",\"url\":\"https:\/\/innovatika.sowiak.dev\/pl\/lp\/wdrozenie-ai-w-biznesie\/\",\"name\":\"Wdro\u017cenie AI w biznesie - Innovatika\",\"isPartOf\":{\"@id\":\"https:\/\/innovatika.sowiak.dev\/#website\"},\"datePublished\":\"2024-03-19T08:17:04+00:00\",\"dateModified\":\"2024-06-20T08:21:01+00:00\",\"description\":\"Nasz zesp\u00f3\u0142 ekspert\u00f3w przekszta\u0142ci AI w kluczowy element strategii biznesowej, otwieraj\u0105c nowe, niezbadane dot\u0105d \u015bcie\u017cki rozwoju.\",\"breadcrumb\":{\"@id\":\"https:\/\/innovatika.sowiak.dev\/pl\/lp\/wdrozenie-ai-w-biznesie\/#breadcrumb\"},\"inLanguage\":\"pl-PL\",\"potentialAction\":[{\"@type\":\"ReadAction\",\"target\":[\"https:\/\/innovatika.sowiak.dev\/pl\/lp\/wdrozenie-ai-w-biznesie\/\"]}]},{\"@type\":\"BreadcrumbList\",\"@id\":\"https:\/\/innovatika.sowiak.dev\/pl\/lp\/wdrozenie-ai-w-biznesie\/#breadcrumb\",\"itemListElement\":[{\"@type\":\"ListItem\",\"position\":1,\"name\":\"LP\",\"item\":\"https:\/\/innovatika.sowiak.dev\/pl\/lp\/\"},{\"@type\":\"ListItem\",\"position\":2,\"name\":\"Wdro\u017cenie AI w biznesie\"}]},{\"@type\":\"WebSite\",\"@id\":\"https:\/\/innovatika.sowiak.dev\/#website\",\"url\":\"https:\/\/innovatika.sowiak.dev\/\",\"name\":\"Innovatika\",\"description\":\"\",\"potentialAction\":[{\"@type\":\"SearchAction\",\"target\":{\"@type\":\"EntryPoint\",\"urlTemplate\":\"https:\/\/innovatika.sowiak.dev\/?s={search_term_string}\"},\"query-input\":\"required name=search_term_string\"}],\"inLanguage\":\"pl-PL\"}]}<\/script>\n<!-- \/ Yoast SEO plugin. -->","yoast_head_json":{"title":"Wdro\u017cenie AI w biznesie - Innovatika","description":"Nasz zesp\u00f3\u0142 ekspert\u00f3w przekszta\u0142ci AI w kluczowy element strategii biznesowej, otwieraj\u0105c nowe, niezbadane dot\u0105d \u015bcie\u017cki rozwoju.","robots":{"index":"index","follow":"follow","max-snippet":"max-snippet:-1","max-image-preview":"max-image-preview:large","max-video-preview":"max-video-preview:-1"},"canonical":"https:\/\/innovatika.sowiak.dev\/pl\/lp\/wdrozenie-ai-w-biznesie\/","og_locale":"pl_PL","og_type":"article","og_title":"Wdro\u017cenie AI w biznesie - Innovatika","og_description":"Nasz zesp\u00f3\u0142 ekspert\u00f3w przekszta\u0142ci AI w kluczowy element strategii biznesowej, otwieraj\u0105c nowe, niezbadane dot\u0105d \u015bcie\u017cki rozwoju.","og_url":"https:\/\/innovatika.sowiak.dev\/pl\/lp\/wdrozenie-ai-w-biznesie\/","og_site_name":"Innovatika","article_modified_time":"2024-06-20T08:21:01+00:00","og_image":[{"width":1200,"height":627,"url":"https:\/\/innovatika.sowiak.dev\/wp-content\/uploads\/2024\/03\/Miniatura-PL-1.png","type":"image\/png"}],"schema":{"@context":"https:\/\/schema.org","@graph":[{"@type":"WebPage","@id":"https:\/\/innovatika.sowiak.dev\/pl\/lp\/wdrozenie-ai-w-biznesie\/","url":"https:\/\/innovatika.sowiak.dev\/pl\/lp\/wdrozenie-ai-w-biznesie\/","name":"Wdro\u017cenie AI w biznesie - Innovatika","isPartOf":{"@id":"https:\/\/innovatika.sowiak.dev\/#website"},"datePublished":"2024-03-19T08:17:04+00:00","dateModified":"2024-06-20T08:21:01+00:00","description":"Nasz zesp\u00f3\u0142 ekspert\u00f3w przekszta\u0142ci AI w kluczowy element strategii biznesowej, otwieraj\u0105c nowe, niezbadane dot\u0105d \u015bcie\u017cki rozwoju.","breadcrumb":{"@id":"https:\/\/innovatika.sowiak.dev\/pl\/lp\/wdrozenie-ai-w-biznesie\/#breadcrumb"},"inLanguage":"pl-PL","potentialAction":[{"@type":"ReadAction","target":["https:\/\/innovatika.sowiak.dev\/pl\/lp\/wdrozenie-ai-w-biznesie\/"]}]},{"@type":"BreadcrumbList","@id":"https:\/\/innovatika.sowiak.dev\/pl\/lp\/wdrozenie-ai-w-biznesie\/#breadcrumb","itemListElement":[{"@type":"ListItem","position":1,"name":"LP","item":"https:\/\/innovatika.sowiak.dev\/pl\/lp\/"},{"@type":"ListItem","position":2,"name":"Wdro\u017cenie AI w biznesie"}]},{"@type":"WebSite","@id":"https:\/\/innovatika.sowiak.dev\/#website","url":"https:\/\/innovatika.sowiak.dev\/","name":"Innovatika","description":"","potentialAction":[{"@type":"SearchAction","target":{"@type":"EntryPoint","urlTemplate":"https:\/\/innovatika.sowiak.dev\/?s={search_term_string}"},"query-input":"required name=search_term_string"}],"inLanguage":"pl-PL"}]}},"_links":{"self":[{"href":"https:\/\/innovatika.sowiak.dev\/pl\/wp-json\/wp\/v2\/pages\/3221","targetHints":{"allow":["GET"]}}],"collection":[{"href":"https:\/\/innovatika.sowiak.dev\/pl\/wp-json\/wp\/v2\/pages"}],"about":[{"href":"https:\/\/innovatika.sowiak.dev\/pl\/wp-json\/wp\/v2\/types\/page"}],"author":[{"embeddable":true,"href":"https:\/\/innovatika.sowiak.dev\/pl\/wp-json\/wp\/v2\/users\/3"}],"replies":[{"embeddable":true,"href":"https:\/\/innovatika.sowiak.dev\/pl\/wp-json\/wp\/v2\/comments?post=3221"}],"version-history":[{"count":58,"href":"https:\/\/innovatika.sowiak.dev\/pl\/wp-json\/wp\/v2\/pages\/3221\/revisions"}],"predecessor-version":[{"id":4355,"href":"https:\/\/innovatika.sowiak.dev\/pl\/wp-json\/wp\/v2\/pages\/3221\/revisions\/4355"}],"up":[{"embeddable":true,"href":"https:\/\/innovatika.sowiak.dev\/pl\/wp-json\/wp\/v2\/pages\/907"}],"wp:attachment":[{"href":"https:\/\/innovatika.sowiak.dev\/pl\/wp-json\/wp\/v2\/media?parent=3221"}],"curies":[{"name":"wp","href":"https:\/\/api.w.org\/{rel}","templated":true}]}}