{"id":584,"date":"2023-07-30T18:30:55","date_gmt":"2023-07-30T16:30:55","guid":{"rendered":"http:\/\/innovatika.com\/?page_id=584"},"modified":"2025-02-20T16:40:50","modified_gmt":"2025-02-20T15:40:50","slug":"home","status":"publish","type":"page","link":"https:\/\/innovatika.sowiak.dev\/pl\/","title":{"rendered":"Home"},"content":{"rendered":"","protected":false},"excerpt":{"rendered":"","protected":false},"author":1,"featured_media":4735,"parent":0,"menu_order":0,"comment_status":"closed","ping_status":"closed","template":"templates\/front-page.php","meta":{"inline_featured_image":false,"footnotes":""},"class_list":["post-584","page","type-page","status-publish","has-post-thumbnail","hentry"],"acf":[],"yoast_head":"<!-- This site is optimized with the Yoast SEO plugin v22.4 - https:\/\/yoast.com\/wordpress\/plugins\/seo\/ -->\n<title>Innovatika - odblokuj pe\u0142ny potencja\u0142 swojego biznesu<\/title>\n<meta name=\"description\" content=\"Agencja innowacji oferuj\u0105c\u0105 pe\u0142en zakres us\u0142ug. Innovatika buduje i skaluje strategie, produkty i us\u0142ugi, kt\u00f3re tworz\u0105 przysz\u0142o\u015b\u0107.\" \/>\n<meta name=\"robots\" content=\"index, follow, max-snippet:-1, max-image-preview:large, max-video-preview:-1\" \/>\n<link rel=\"canonical\" href=\"https:\/\/innovatika.sowiak.dev\/pl\/\" \/>\n<meta property=\"og:locale\" content=\"pl_PL\" \/>\n<meta property=\"og:type\" content=\"article\" \/>\n<meta property=\"og:title\" content=\"Innovatika - odblokuj pe\u0142ny potencja\u0142 swojego biznesu\" \/>\n<meta property=\"og:description\" content=\"Agencja innowacji oferuj\u0105c\u0105 pe\u0142en zakres us\u0142ug. Innovatika buduje i skaluje strategie, produkty i us\u0142ugi, kt\u00f3re tworz\u0105 przysz\u0142o\u015b\u0107.\" \/>\n<meta property=\"og:url\" content=\"https:\/\/innovatika.sowiak.dev\/pl\/\" \/>\n<meta property=\"og:site_name\" content=\"Innovatika\" \/>\n<meta property=\"article:modified_time\" content=\"2025-02-20T15:40:50+00:00\" \/>\n<meta property=\"og:image\" content=\"https:\/\/innovatika.sowiak.dev\/wp-content\/uploads\/2025\/02\/OP-home.png\" \/>\n\t<meta property=\"og:image:width\" content=\"1440\" \/>\n\t<meta property=\"og:image:height\" content=\"772\" \/>\n\t<meta property=\"og:image:type\" content=\"image\/png\" \/>\n<meta name=\"twitter:label1\" content=\"Szacowany czas czytania\" \/>\n\t<meta name=\"twitter:data1\" content=\"1 minuta\" \/>\n<script type=\"application\/ld+json\" class=\"yoast-schema-graph\">{\"@context\":\"https:\/\/schema.org\",\"@graph\":[{\"@type\":\"WebPage\",\"@id\":\"https:\/\/innovatika.sowiak.dev\/pl\/\",\"url\":\"https:\/\/innovatika.sowiak.dev\/pl\/\",\"name\":\"Innovatika - odblokuj pe\u0142ny potencja\u0142 swojego biznesu\",\"isPartOf\":{\"@id\":\"https:\/\/innovatika.sowiak.dev\/#website\"},\"primaryImageOfPage\":{\"@id\":\"https:\/\/innovatika.sowiak.dev\/pl\/#primaryimage\"},\"image\":{\"@id\":\"https:\/\/innovatika.sowiak.dev\/pl\/#primaryimage\"},\"thumbnailUrl\":\"https:\/\/innovatika.sowiak.dev\/wp-content\/uploads\/2025\/02\/OP-home.png\",\"datePublished\":\"2023-07-30T16:30:55+00:00\",\"dateModified\":\"2025-02-20T15:40:50+00:00\",\"description\":\"Agencja innowacji oferuj\u0105c\u0105 pe\u0142en zakres us\u0142ug. Innovatika buduje i skaluje strategie, produkty i us\u0142ugi, kt\u00f3re tworz\u0105 przysz\u0142o\u015b\u0107.\",\"inLanguage\":\"pl-PL\",\"potentialAction\":[{\"@type\":\"ReadAction\",\"target\":[\"https:\/\/innovatika.sowiak.dev\/pl\/\"]}]},{\"@type\":\"ImageObject\",\"inLanguage\":\"pl-PL\",\"@id\":\"https:\/\/innovatika.sowiak.dev\/pl\/#primaryimage\",\"url\":\"https:\/\/innovatika.sowiak.dev\/wp-content\/uploads\/2025\/02\/OP-home.png\",\"contentUrl\":\"https:\/\/innovatika.sowiak.dev\/wp-content\/uploads\/2025\/02\/OP-home.png\",\"width\":1440,\"height\":772,\"caption\":\"Abstrakcyjna grafika cyfrowa przedstawiaj\u0105ca geometryczne kszta\u0142ty w kolorze szarym, czerwonym, niebieskim, \u017c\u00f3\u0142tym i czarnym. Pogrubiony niebieski \u0142uk przecina czerwony prostok\u0105t i \u017c\u00f3\u0142te ko\u0142o. Stylizowana czarna lupa pojawia si\u0119 nad niebieskim \u0142ukiem.\"},{\"@type\":\"WebSite\",\"@id\":\"https:\/\/innovatika.sowiak.dev\/#website\",\"url\":\"https:\/\/innovatika.sowiak.dev\/\",\"name\":\"Innovatika\",\"description\":\"\",\"potentialAction\":[{\"@type\":\"SearchAction\",\"target\":{\"@type\":\"EntryPoint\",\"urlTemplate\":\"https:\/\/innovatika.sowiak.dev\/?s={search_term_string}\"},\"query-input\":\"required name=search_term_string\"}],\"inLanguage\":\"pl-PL\"}]}<\/script>\n<!-- \/ Yoast SEO plugin. -->","yoast_head_json":{"title":"Innovatika - odblokuj pe\u0142ny potencja\u0142 swojego biznesu","description":"Agencja innowacji oferuj\u0105c\u0105 pe\u0142en zakres us\u0142ug. Innovatika buduje i skaluje strategie, produkty i us\u0142ugi, kt\u00f3re tworz\u0105 przysz\u0142o\u015b\u0107.","robots":{"index":"index","follow":"follow","max-snippet":"max-snippet:-1","max-image-preview":"max-image-preview:large","max-video-preview":"max-video-preview:-1"},"canonical":"https:\/\/innovatika.sowiak.dev\/pl\/","og_locale":"pl_PL","og_type":"article","og_title":"Innovatika - odblokuj pe\u0142ny potencja\u0142 swojego biznesu","og_description":"Agencja innowacji oferuj\u0105c\u0105 pe\u0142en zakres us\u0142ug. Innovatika buduje i skaluje strategie, produkty i us\u0142ugi, kt\u00f3re tworz\u0105 przysz\u0142o\u015b\u0107.","og_url":"https:\/\/innovatika.sowiak.dev\/pl\/","og_site_name":"Innovatika","article_modified_time":"2025-02-20T15:40:50+00:00","og_image":[{"width":1440,"height":772,"url":"https:\/\/innovatika.sowiak.dev\/wp-content\/uploads\/2025\/02\/OP-home.png","type":"image\/png"}],"twitter_misc":{"Szacowany czas czytania":"1 minuta"},"schema":{"@context":"https:\/\/schema.org","@graph":[{"@type":"WebPage","@id":"https:\/\/innovatika.sowiak.dev\/pl\/","url":"https:\/\/innovatika.sowiak.dev\/pl\/","name":"Innovatika - odblokuj pe\u0142ny potencja\u0142 swojego biznesu","isPartOf":{"@id":"https:\/\/innovatika.sowiak.dev\/#website"},"primaryImageOfPage":{"@id":"https:\/\/innovatika.sowiak.dev\/pl\/#primaryimage"},"image":{"@id":"https:\/\/innovatika.sowiak.dev\/pl\/#primaryimage"},"thumbnailUrl":"https:\/\/innovatika.sowiak.dev\/wp-content\/uploads\/2025\/02\/OP-home.png","datePublished":"2023-07-30T16:30:55+00:00","dateModified":"2025-02-20T15:40:50+00:00","description":"Agencja innowacji oferuj\u0105c\u0105 pe\u0142en zakres us\u0142ug. Innovatika buduje i skaluje strategie, produkty i us\u0142ugi, kt\u00f3re tworz\u0105 przysz\u0142o\u015b\u0107.","inLanguage":"pl-PL","potentialAction":[{"@type":"ReadAction","target":["https:\/\/innovatika.sowiak.dev\/pl\/"]}]},{"@type":"ImageObject","inLanguage":"pl-PL","@id":"https:\/\/innovatika.sowiak.dev\/pl\/#primaryimage","url":"https:\/\/innovatika.sowiak.dev\/wp-content\/uploads\/2025\/02\/OP-home.png","contentUrl":"https:\/\/innovatika.sowiak.dev\/wp-content\/uploads\/2025\/02\/OP-home.png","width":1440,"height":772,"caption":"Abstrakcyjna grafika cyfrowa przedstawiaj\u0105ca geometryczne kszta\u0142ty w kolorze szarym, czerwonym, niebieskim, \u017c\u00f3\u0142tym i czarnym. Pogrubiony niebieski \u0142uk przecina czerwony prostok\u0105t i \u017c\u00f3\u0142te ko\u0142o. Stylizowana czarna lupa pojawia si\u0119 nad niebieskim \u0142ukiem."},{"@type":"WebSite","@id":"https:\/\/innovatika.sowiak.dev\/#website","url":"https:\/\/innovatika.sowiak.dev\/","name":"Innovatika","description":"","potentialAction":[{"@type":"SearchAction","target":{"@type":"EntryPoint","urlTemplate":"https:\/\/innovatika.sowiak.dev\/?s={search_term_string}"},"query-input":"required name=search_term_string"}],"inLanguage":"pl-PL"}]}},"_links":{"self":[{"href":"https:\/\/innovatika.sowiak.dev\/pl\/wp-json\/wp\/v2\/pages\/584","targetHints":{"allow":["GET"]}}],"collection":[{"href":"https:\/\/innovatika.sowiak.dev\/pl\/wp-json\/wp\/v2\/pages"}],"about":[{"href":"https:\/\/innovatika.sowiak.dev\/pl\/wp-json\/wp\/v2\/types\/page"}],"author":[{"embeddable":true,"href":"https:\/\/innovatika.sowiak.dev\/pl\/wp-json\/wp\/v2\/users\/1"}],"replies":[{"embeddable":true,"href":"https:\/\/innovatika.sowiak.dev\/pl\/wp-json\/wp\/v2\/comments?post=584"}],"version-history":[{"count":5,"href":"https:\/\/innovatika.sowiak.dev\/pl\/wp-json\/wp\/v2\/pages\/584\/revisions"}],"predecessor-version":[{"id":4767,"href":"https:\/\/innovatika.sowiak.dev\/pl\/wp-json\/wp\/v2\/pages\/584\/revisions\/4767"}],"wp:featuredmedia":[{"embeddable":true,"href":"https:\/\/innovatika.sowiak.dev\/pl\/wp-json\/wp\/v2\/media\/4735"}],"wp:attachment":[{"href":"https:\/\/innovatika.sowiak.dev\/pl\/wp-json\/wp\/v2\/media?parent=584"}],"curies":[{"name":"wp","href":"https:\/\/api.w.org\/{rel}","templated":true}]}}