{"id":602,"date":"2023-08-02T02:46:52","date_gmt":"2023-08-02T00:46:52","guid":{"rendered":"http:\/\/innovatika.com\/?page_id=602"},"modified":"2024-03-26T15:04:55","modified_gmt":"2024-03-26T14:04:55","slug":"uslugi","status":"publish","type":"page","link":"https:\/\/innovatika.sowiak.dev\/pl\/uslugi\/","title":{"rendered":"Us\u0142ugi"},"content":{"rendered":"","protected":false},"excerpt":{"rendered":"","protected":false},"author":1,"featured_media":0,"parent":0,"menu_order":0,"comment_status":"closed","ping_status":"closed","template":"templates\/services.php","meta":{"inline_featured_image":false,"footnotes":""},"class_list":["post-602","page","type-page","status-publish","hentry"],"acf":[],"yoast_head":"<!-- This site is optimized with the Yoast SEO plugin v22.4 - https:\/\/yoast.com\/wordpress\/plugins\/seo\/ -->\n<title>Us\u0142ugi - Innovatika<\/title>\n<meta name=\"description\" content=\"\u0141\u0105cz\u0105c technologi\u0119, trendy, kreatywno\u015b\u0107 i podej\u015bcie zorientowane na klienta, uruchamiamy biznesy, kt\u00f3re generuj\u0105 warto\u015b\u0107 dla u\u017cytkownik\u00f3w.\" \/>\n<meta name=\"robots\" content=\"index, follow, max-snippet:-1, max-image-preview:large, max-video-preview:-1\" \/>\n<link rel=\"canonical\" href=\"https:\/\/innovatika.sowiak.dev\/pl\/uslugi\/\" \/>\n<meta property=\"og:locale\" content=\"pl_PL\" \/>\n<meta property=\"og:type\" content=\"article\" \/>\n<meta property=\"og:title\" content=\"Us\u0142ugi - Innovatika\" \/>\n<meta property=\"og:description\" content=\"\u0141\u0105cz\u0105c technologi\u0119, trendy, kreatywno\u015b\u0107 i podej\u015bcie zorientowane na klienta, uruchamiamy biznesy, kt\u00f3re generuj\u0105 warto\u015b\u0107 dla u\u017cytkownik\u00f3w.\" \/>\n<meta property=\"og:url\" content=\"https:\/\/innovatika.sowiak.dev\/pl\/uslugi\/\" \/>\n<meta property=\"og:site_name\" content=\"Innovatika\" \/>\n<meta property=\"article:modified_time\" content=\"2024-03-26T14:04:55+00:00\" \/>\n<meta property=\"og:image\" content=\"https:\/\/innovatika.sowiak.dev\/wp-content\/uploads\/2024\/03\/Miniatura-PL.png\" \/>\n\t<meta property=\"og:image:width\" content=\"1200\" \/>\n\t<meta property=\"og:image:height\" content=\"627\" \/>\n\t<meta property=\"og:image:type\" content=\"image\/png\" \/>\n<script type=\"application\/ld+json\" class=\"yoast-schema-graph\">{\"@context\":\"https:\/\/schema.org\",\"@graph\":[{\"@type\":\"WebPage\",\"@id\":\"https:\/\/innovatika.sowiak.dev\/pl\/uslugi\/\",\"url\":\"https:\/\/innovatika.sowiak.dev\/pl\/uslugi\/\",\"name\":\"Us\u0142ugi - Innovatika\",\"isPartOf\":{\"@id\":\"https:\/\/innovatika.sowiak.dev\/#website\"},\"datePublished\":\"2023-08-02T00:46:52+00:00\",\"dateModified\":\"2024-03-26T14:04:55+00:00\",\"description\":\"\u0141\u0105cz\u0105c technologi\u0119, trendy, kreatywno\u015b\u0107 i podej\u015bcie zorientowane na klienta, uruchamiamy biznesy, kt\u00f3re generuj\u0105 warto\u015b\u0107 dla u\u017cytkownik\u00f3w.\",\"inLanguage\":\"pl-PL\",\"potentialAction\":[{\"@type\":\"ReadAction\",\"target\":[\"https:\/\/innovatika.sowiak.dev\/pl\/uslugi\/\"]}]},{\"@type\":\"WebSite\",\"@id\":\"https:\/\/innovatika.sowiak.dev\/#website\",\"url\":\"https:\/\/innovatika.sowiak.dev\/\",\"name\":\"Innovatika\",\"description\":\"\",\"potentialAction\":[{\"@type\":\"SearchAction\",\"target\":{\"@type\":\"EntryPoint\",\"urlTemplate\":\"https:\/\/innovatika.sowiak.dev\/?s={search_term_string}\"},\"query-input\":\"required name=search_term_string\"}],\"inLanguage\":\"pl-PL\"}]}<\/script>\n<!-- \/ Yoast SEO plugin. -->","yoast_head_json":{"title":"Us\u0142ugi - Innovatika","description":"\u0141\u0105cz\u0105c technologi\u0119, trendy, kreatywno\u015b\u0107 i podej\u015bcie zorientowane na klienta, uruchamiamy biznesy, kt\u00f3re generuj\u0105 warto\u015b\u0107 dla u\u017cytkownik\u00f3w.","robots":{"index":"index","follow":"follow","max-snippet":"max-snippet:-1","max-image-preview":"max-image-preview:large","max-video-preview":"max-video-preview:-1"},"canonical":"https:\/\/innovatika.sowiak.dev\/pl\/uslugi\/","og_locale":"pl_PL","og_type":"article","og_title":"Us\u0142ugi - Innovatika","og_description":"\u0141\u0105cz\u0105c technologi\u0119, trendy, kreatywno\u015b\u0107 i podej\u015bcie zorientowane na klienta, uruchamiamy biznesy, kt\u00f3re generuj\u0105 warto\u015b\u0107 dla u\u017cytkownik\u00f3w.","og_url":"https:\/\/innovatika.sowiak.dev\/pl\/uslugi\/","og_site_name":"Innovatika","article_modified_time":"2024-03-26T14:04:55+00:00","og_image":[{"width":1200,"height":627,"url":"https:\/\/innovatika.sowiak.dev\/wp-content\/uploads\/2024\/03\/Miniatura-PL.png","type":"image\/png"}],"schema":{"@context":"https:\/\/schema.org","@graph":[{"@type":"WebPage","@id":"https:\/\/innovatika.sowiak.dev\/pl\/uslugi\/","url":"https:\/\/innovatika.sowiak.dev\/pl\/uslugi\/","name":"Us\u0142ugi - Innovatika","isPartOf":{"@id":"https:\/\/innovatika.sowiak.dev\/#website"},"datePublished":"2023-08-02T00:46:52+00:00","dateModified":"2024-03-26T14:04:55+00:00","description":"\u0141\u0105cz\u0105c technologi\u0119, trendy, kreatywno\u015b\u0107 i podej\u015bcie zorientowane na klienta, uruchamiamy biznesy, kt\u00f3re generuj\u0105 warto\u015b\u0107 dla u\u017cytkownik\u00f3w.","inLanguage":"pl-PL","potentialAction":[{"@type":"ReadAction","target":["https:\/\/innovatika.sowiak.dev\/pl\/uslugi\/"]}]},{"@type":"WebSite","@id":"https:\/\/innovatika.sowiak.dev\/#website","url":"https:\/\/innovatika.sowiak.dev\/","name":"Innovatika","description":"","potentialAction":[{"@type":"SearchAction","target":{"@type":"EntryPoint","urlTemplate":"https:\/\/innovatika.sowiak.dev\/?s={search_term_string}"},"query-input":"required name=search_term_string"}],"inLanguage":"pl-PL"}]}},"_links":{"self":[{"href":"https:\/\/innovatika.sowiak.dev\/pl\/wp-json\/wp\/v2\/pages\/602","targetHints":{"allow":["GET"]}}],"collection":[{"href":"https:\/\/innovatika.sowiak.dev\/pl\/wp-json\/wp\/v2\/pages"}],"about":[{"href":"https:\/\/innovatika.sowiak.dev\/pl\/wp-json\/wp\/v2\/types\/page"}],"author":[{"embeddable":true,"href":"https:\/\/innovatika.sowiak.dev\/pl\/wp-json\/wp\/v2\/users\/1"}],"replies":[{"embeddable":true,"href":"https:\/\/innovatika.sowiak.dev\/pl\/wp-json\/wp\/v2\/comments?post=602"}],"version-history":[{"count":5,"href":"https:\/\/innovatika.sowiak.dev\/pl\/wp-json\/wp\/v2\/pages\/602\/revisions"}],"predecessor-version":[{"id":2254,"href":"https:\/\/innovatika.sowiak.dev\/pl\/wp-json\/wp\/v2\/pages\/602\/revisions\/2254"}],"wp:attachment":[{"href":"https:\/\/innovatika.sowiak.dev\/pl\/wp-json\/wp\/v2\/media?parent=602"}],"curies":[{"name":"wp","href":"https:\/\/api.w.org\/{rel}","templated":true}]}}