{"id":674,"date":"2023-08-29T23:26:06","date_gmt":"2023-08-29T21:26:06","guid":{"rendered":"http:\/\/innovatika.com\/?page_id=674"},"modified":"2023-08-29T23:35:50","modified_gmt":"2023-08-29T21:35:50","slug":"polityka-prywatnosci","status":"publish","type":"page","link":"https:\/\/innovatika.sowiak.dev\/pl\/polityka-prywatnosci\/","title":{"rendered":"Polityka prywatno\u015bci"},"content":{"rendered":"\n<p>W trosce o zachowanie prawa do prywatno\u015bci Klient\u00f3w, Wsp\u00f3\u0142pracownik\u00f3w i u\u017cytkownik\u00f3w stron internetowych (zwanych dalej \u201eU\u017cytkownikami\u201d oraz wymog\u00f3w wynikaj\u0105cych z przepis\u00f3w prawa, INNOVATIKA sp. z o.o. z siedzib\u0105 w Warszawie: ul. Koszykowa 61, 00-667 Warszawa (zwana dalej \u201eINNOVATIKA\u201d), publikuje niniejsz\u0105 Polityk\u0119 Ochrony Prywatno\u015bci (dalej \u201ePolityka\u201d), w kt\u00f3rym wyja\u015bnia i informuje o sposobie, w jaki dane w tym zw\u0142aszcza dane osobowe \u2013 (dalej \u201eDane\u201d) przekazane przez U\u017cytkownik\u00f3w s\u0105 gromadzone, przetwarzane, zabezpieczane i usuwane.<\/p>\n\n\n\n<h2 class=\"wp-block-heading\"><strong>I. <strong>Informacje og\u00f3lne<\/strong><\/strong><\/h2>\n\n\n\n<p>INNOVATIKA przywi\u0105zuje najwy\u017csz\u0105 wag\u0119 do ochrony Danych U\u017cytkownik\u00f3w i post\u0119powania z nimi zgodnie z przepisami prawa, w szczeg\u00f3lno\u015bci zgodnie z Og\u00f3lnym Rozporz\u0105dzeniem o Ochronie Danych Osobowych z dnia 27 kwietnia 2016 r. (dalej \u201eRODO\u201d) oraz Ustaw\u0105 z dnia 10 Maja 2018 r. O Ochronie Danych Osobowych \u2013 Dz. Ust. Nr 1000 z 2018 roku (dalej \u201eUstawa\u201d). Naszym celem jest zapewnienie U\u017cytkownikom kontroli nad przetwarzaniem przez INNOVATIKA Danych oraz udost\u0119pnienie narz\u0119dzi pozwalaj\u0105cych efektywnie realizowa\u0107 przys\u0142uguj\u0105ce U\u017cytkownikom prawa.<\/p>\n\n\n\n<p><strong><strong>Wyra\u017cenie zgody na Polityk\u0119<\/strong><\/strong><\/p>\n\n\n\n<p>Korzystanie z Us\u0142ug i Serwis\u00f3w INNOVATIKA oznacza zgod\u0119 na warunki okre\u015blone w Polityce. Je\u017celi U\u017cytkownik nie zgadza si\u0119 z kt\u00f3rymkolwiek zapisem Polityki, prosimy o nie przesy\u0142anie w \u017cadnej formie do INNOVATIKA jakichkolwiek informacji ani Danych o charakterze danych osobowych w rozumieniu RODO i Ustawy.<\/p>\n\n\n\n<p>Podczas rejestracji w Serwisach zbierane s\u0105 Dane niezb\u0119dne do udost\u0119pnienia Us\u0142ug w danym Serwisie. Podanie ww. Danych jest dobrowolne, jednak brak zgody na ich przetwarzanie uniemo\u017cliwi korzystanie z Serwisu.<\/p>\n\n\n\n<p>Dane ujawniane s\u0105 wy\u0142\u0105cznie pracownikom INNOVATIKA zarz\u0105dzaj\u0105cym Us\u0142ugami w Serwisie, kt\u00f3rzy otrzymali pisemne upowa\u017cnienie od Administratora Danych Osobowych do przetwarzania Danych U\u017cytkownik\u00f3w Serwisu. Dane nie s\u0105 ujawniane ani przekazywane \u017cadnym osobom trzecim.<\/p>\n\n\n\n<p>U\u017cytkownikowi jako osobie, kt\u00f3rej dane dotycz\u0105, przys\u0142uguj\u0105 wszystkie prawa przewidziane w Rozporz\u0105dzeniu Parlamentu Europejskiego I Rady (UE) 2016\/679 z dnia 27 kwietnia 2016 r. (RODO). Wykorzystanie Danych w innym celu ni\u017c wykonywanie Us\u0142ugi jest mo\u017cliwe tylko pod warunkiem wydania przez U\u017cytkownika wyra\u017anej zgody na ich przetwarzanie w okre\u015blonym celu.<\/p>\n\n\n\n<h2 class=\"wp-block-heading\"><strong>II. <strong>Zasady przetwarzania danych osobowych U\u017cytkownik\u00f3w<\/strong><\/strong><\/h2>\n\n\n\n<p>Administratorem Danych osobowych U\u017cytkownika jest INNOVATIKA sp. z o.o. z siedzib\u0105 w Warszawie, adres korespondencyjny: ul. Koszykowa 61, 00-667 Warszawa. W sprawach zwi\u0105zanych z Danymi nale\u017cy kontaktowa\u0107 si\u0119 z Inspektorem Ochrony Danych INNOVATIKA \u2013&nbsp;<strong>iod@innovatika.com<\/strong>.<\/p>\n\n\n\n<p><strong>1.\u00a0<strong>Dane telekomunikacyjne<\/strong><\/strong><\/p>\n\n\n\n<p>Zgodnie z wymaganiami Prawa Telekomunikacyjnego oraz dla poprawy bezpiecze\u0144stwa U\u017cytkownik\u00f3w Serwis\u00f3w system rejestruje wej\u015bcia na stron\u0119 WWW. Rejestrowane s\u0105 informacje o IP u\u017cytkownika, czasie aktywno\u015bci w Serwisie oraz parametrach urz\u0105dzenia ko\u0144cowego U\u017cytkownika. Dane te nie s\u0142u\u017c\u0105 do identyfikacji U\u017cytkownika i nie s\u0105 przekazywane innym podmiotom.&nbsp;<\/p>\n\n\n\n<p><strong>2.\u00a0Cele przetwarzania Danych<\/strong><\/p>\n\n\n\n<p>INNOVATIKA przetwarza dane osobowe przekazane przez U\u017cytkownika w nast\u0119puj\u0105cy spos\u00f3b:<\/p>\n\n\n\n<ul class=\"wp-block-list\">\n<li>Dostarczanie us\u0142ug przez INNOVATIKA na podstawie zgody U\u017cytkownika jako w\u0142a\u015bciciela Danych, r\u00f3wnie\u017c drog\u0105 elektroniczn\u0105.<\/li>\n\n\n\n<li>Kontaktowanie si\u0119 z U\u017cytkownikami, w tym w celach zwi\u0105zanych ze \u015bwiadczeniem us\u0142ug przez INNOVATIKA.<\/li>\n\n\n\n<li>Kontaktowanie si\u0119 z U\u017cytkownikami, w tym w celach zwi\u0105zanych z dozwolonymi dzia\u0142aniami marketingowymi us\u0142ug INNOVATIKA, poprzez dost\u0119pne kana\u0142y komunikacji, w szczeg\u00f3lno\u015bci i za zgod\u0105 U\u017cytkownik\u00f3w \u2013 przez e-mail oraz telefon.<\/li>\n\n\n\n<li>Obs\u0142uga pr\u00f3\u015bb przekazywanych bezpo\u015brednio przez U\u017cytkownik\u00f3w pracownikom INNOVATIKA oraz przez formularz kontaktowy w sytuacji, gdy nie s\u0105 one zwi\u0105zane wprost z wykonaniem jej us\u0142ug.<\/li>\n\n\n\n<li>Windykacja nale\u017cno\u015bci, prowadzenia post\u0119powa\u0144 s\u0105dowych, arbitra\u017cowych i mediacyjnych.<\/li>\n\n\n\n<li>Przechowywanie Danych dla cel\u00f3w archiwizacyjnych oraz zapewnienie ich rozliczalno\u015bci.<\/li>\n\n\n\n<li>Wymagane przez przepisy prawa przetwarzanie Danych dla cel\u00f3w podatkowych i rachunkowych.<\/li>\n\n\n\n<li>Zapobieganie nadu\u017cyciom i oszustwom.<\/li>\n\n\n\n<li>Prowadzenie statystyk dla wewn\u0119trznych potrzeb INNOVATIKA \u2013 na podstawie uzasadnionego interesu Administratora. Dane statystyczne wynikaj\u0105ce z przetwarzania Danych U\u017cytkownik\u00f3w w powy\u017cszym celu nie b\u0119d\u0105 udost\u0119pniane innym podmiotom.<\/li>\n\n\n\n<li>Wysy\u0142anie ofert zwi\u0105zanych ze \u015bwiadczonymi przez INNOVATIKA us\u0142ugami, w tym newsletter\u00f3w, na podany przez U\u017cytkownika adres e-mail na podstawie jego odr\u0119bnej zgody, kt\u00f3ra mo\u017ce wycofana w ka\u017cdym czasie.<\/li>\n\n\n\n<li>Archiwizacja celem potwierdzenia wykonania przez INNOVATIKA obowi\u0105zk\u00f3w wynikaj\u0105cych z przepis\u00f3w o ochronie Danych osobowych oraz dochodzenia roszcze\u0144 lub obrony przed roszczeniami, kt\u00f3re mog\u0105 by\u0107 kierowane przeciwko INNOVATIKA. Podstaw\u0105 przetwarzania Danych w tym przypadku b\u0119dzie prawnie uzasadniony interes INNOVATIKA jakim jest ochrona praw, potwierdzenie wykonania obowi\u0105zk\u00f3w i uzyskanie z tego tytu\u0142u nale\u017cnego wynagrodzenia od U\u017cytkownik\u00f3w i klient\u00f3w INNOVATIKA.<\/li>\n\n\n\n<li>Przekazane przez U\u017cytkownik\u00f3w Dane s\u0105 przetwarzane wy\u0142\u0105cznie do cel\u00f3w, do w jakich zosta\u0142y zebrane i nie b\u0119d\u0105 przetwarzane w innych celach, chyba, \u017ce U\u017cytkownik\u00f3w wyrazi na to odr\u0119bn\u0105, \u015bwiadom\u0105 zgod\u0119.<\/li>\n<\/ul>\n\n\n\n<p>INNOVATIKA dbaj\u0105c o to by Dane U\u017cytkownik\u00f3w przetwarzane by\u0142y zgodnie z prawem oraz by pozostawa\u0142y aktualne i prawid\u0142owe, co pewien czas wysy\u0142a wiadomo\u015bci na podany przez U\u017cytkownika adres e-mail przypominaj\u0105cy o konieczno\u015bci aktualizacji Danych.<\/p>\n\n\n\n<p><strong>3.\u00a0<strong>Adresaci udost\u0119pnianych Danych<\/strong><\/strong><\/p>\n\n\n\n<p>Dane mog\u0105 by\u0107 udost\u0119pniane tylko podmiotom zaanga\u017cowanym w realizacj\u0119 Us\u0142ug i Serwis\u00f3w INNOVATIKA. Dane udost\u0119pniamy jedynie stronom transakcji, zawartych z INNOVATIKA oraz podmiotom wspieraj\u0105cym \u015bwiadczenie niezb\u0119dnych us\u0142ug p\u0142atniczych, kredytowych, ubezpieczeniowych, prawniczych, konsultingowych lub audytorskich oraz wspomagaj\u0105cych obs\u0142ug\u0119 klient\u00f3w INNOVATIKA, wspieraj\u0105cych promocj\u0119 ofert i wsp\u00f3\u0142pracuj\u0105cych w ramach kampanii marketingowych.<\/p>\n\n\n\n<p><strong>4.\u00a0Ograniczenia w przekazywaniu Danych poza obszar Unii Europejskiej<\/strong><\/p>\n\n\n\n<p>INNOVATIKA nie b\u0119dzie przekazywa\u0107 Danych do pa\u0144stw spoza Europejskiego Obszaru Gospodarczego ani do \u017cadnej organizacji mi\u0119dzynarodowej.<\/p>\n\n\n\n<p><strong>5.\u00a0<strong>Profilowanie<\/strong><\/strong><\/p>\n\n\n\n<p>INNOVATIKA nie stosuje zautomatyzowanego podejmowania decyzji, w tym profilowania uzyskanych Danych, do realizacji swoich us\u0142ug.<\/p>\n\n\n\n<p><strong>6.\u00a0<strong>Okres przetwarzania Danych<\/strong><\/strong><\/p>\n\n\n\n<p>Dane b\u0119d\u0105 przechowywane maksymalnie przez okres do 10 lat w celach okre\u015blonych w punkcie: Cele przetwarzania Danych.<\/p>\n\n\n\n<p>Po up\u0142ywie ww. okresu Dane s\u0105 usuwane lub anonimizowane w taki spos\u00f3b, i\u017c nie jest mo\u017cliwe ustalenie to\u017csamo\u015bci U\u017cytkownika.<\/p>\n\n\n\n<p><strong>7.\u00a0<strong>Zabezpieczenia Danych<\/strong><\/strong><\/p>\n\n\n\n<p>INNOVATIKA stosuje szereg zabezpiecze\u0144 informatycznych i fizycznych maj\u0105cych na celu zminimalizowanie ryzyka wycieku Danych, ich zniszczenia albo dezintegracji, takich jak:<\/p>\n\n\n\n<ul class=\"wp-block-list\">\n<li>system firewall,<\/li>\n\n\n\n<li>systemy zabezpiecze\u0144 antywirusowych,<\/li>\n\n\n\n<li>wewn\u0119trzne procedury dost\u0119pu i przetwarzania danych, r\u00f3wnie\u017c na komputerach u\u017cywanych przez pracownik\u00f3w INNOVATIKA.<\/li>\n<\/ul>\n\n\n\n<p><strong>8.\u00a0<strong>Prawa U\u017cytkownika w zwi\u0105zku z przetwarzaniem Danych przez INNOVATIKA<\/strong><\/strong><\/p>\n\n\n\n<ul class=\"wp-block-list\">\n<li>U\u017cytkownikowi zgodnie z RODO i Ustaw\u0105 przys\u0142uguje szereg praw w zwi\u0105zku z przekazaniem Danych, takich jak:<\/li>\n\n\n\n<li>Prawo do informacji, w jaki spos\u00f3b s\u0105 przetwarzane Dane osobowe.<\/li>\n\n\n\n<li>Prawo do dost\u0119pu i aktualizacji Danych \u2013 U\u017cytkownik zawsze ma dost\u0119p do przekazanych Danych osobowych i mo\u017cliwo\u015b\u0107 ich aktualizowania.<\/li>\n\n\n\n<li>Prawo do usuni\u0119cia Danych \u2013 je\u017celi U\u017cytkownik wyrazi wol\u0119 by INNOVATIKA przesta\u0142a przetwarza\u0107 przekazane Dane osobowe, natychmiast przetwarzanie zostanie zatrzymane.<\/li>\n\n\n\n<li>Prawo do \u017c\u0105dania ograniczenia przetwarzania Danych.<\/li>\n\n\n\n<li>Prawo do zg\u0142oszenia sprzeciwu co do przetwarzania Danych.<\/li>\n\n\n\n<li>Prawo do przeniesienia Danych (w szczeg\u00f3lno\u015bci historii transakcji), je\u017celi przetwarzanie odbywa si\u0119 na podstawie umowy lub zgody U\u017cytkownika.<\/li>\n<\/ul>\n\n\n\n<p><strong>9.\u00a0<strong>Czas realizacji praw U\u017cytkownik\u00f3w<\/strong><\/strong><\/p>\n\n\n\n<p>INNOVATIKA podejmuje dzia\u0142ania by jak najszybciej zrealizowa\u0107 zg\u0142oszone przez U\u017cytkownika \u017c\u0105dania oraz udziela\u0107 odpowiedzi na otrzymane zapytania dotycz\u0105ce jego Danych. Odpowied\u017a zostanie udzielona nie p\u00f3\u017aniej ni\u017c w terminie 30 dni od dnia otrzymania \u017c\u0105dania U\u017cytkownika. W przypadku zaj\u015bcia okoliczno\u015bci niezale\u017cnych od INNOVATIKA \u2013 np. o znamionach si\u0142y wy\u017cszej, kt\u00f3re uniemo\u017cliwi\u0105 dotrzymanie ww. terminu, INNOVATIKA poinformuje o tym i wyja\u015bni przyczyny op\u00f3\u017anienia. Je\u017celi powstan\u0105 w\u0105tpliwo\u015bci co do to\u017csamo\u015bci U\u017cytkownika zg\u0142aszaj\u0105cego okre\u015blone \u017c\u0105danie, przedstawiciel INNOVATIKA mo\u017ce zada\u0107 kilka dodatkowych pyta\u0144, w celu weryfikacji i potwierdzenia jego to\u017csamo\u015bci.<\/p>\n\n\n\n<p>U\u017cytkownik ma prawo do wniesienia sprzeciwu wobec dalszego przetwarzania Danych, a w przypadku wyra\u017cenia zgody na przetwarzanie Danych do jej wycofania. Skorzystanie z prawa cofni\u0119cia zgody nie ma wp\u0142ywu na przetwarzanie, kt\u00f3re mia\u0142o miejsce do momentu wycofania zgody.<\/p>\n\n\n\n<p><strong>10.\u00a0<strong>Kontakt oraz prawo wniesienia skargi<\/strong><\/strong><\/p>\n\n\n\n<p>Pytania, wnioski i uwagi odno\u015bnie zasad polityki prywatno\u015bci oraz przetwarzania Danych przez INNOVATIKA nale\u017cy kierowa\u0107 drog\u0105 elektroniczn\u0105 na adres e-mail: iod@innovatika.com, lub pisemnie na adres: INNOVATIKA Sp. z o.o., ul. Koszykowa 61, 00-667 Warszawa.<\/p>\n\n\n\n<p>W przypadkach, w kt\u00f3rych U\u017cytkownik nie b\u0119dzie usatysfakcjonowany odpowiedzi\u0105 udzielon\u0105 przez INNOVATIKA lub podj\u0119tymi dzia\u0142aniami, przys\u0142uguje mu prawo wniesienia skargi do organu nadzorczego, kt\u00f3rym jest Generalny Inspektor Ochrony Danych Osobowych (adres: Generalny Inspektor Ochrony Danych Osobowych, ul. Stawki 2, 00-193 Warszawa).<\/p>\n\n\n\n<p><strong>11. Informacja o plikach cookies<\/strong><\/p>\n\n\n\n<p>Strony Serwis\u00f3w INNOVATIKA korzystaj\u0105 z plik\u00f3w cookies.<\/p>\n\n\n\n<p>Pliki cookies (tzw. \u201eciasteczka\u201d) stanowi\u0105 dane informatyczne, w szczeg\u00f3lno\u015bci pliki tekstowe, kt\u00f3re przechowywane s\u0105 w urz\u0105dzeniu ko\u0144cowym U\u017cytkownika i przeznaczone s\u0105 do korzystania ze Stron www. Cookies zazwyczaj zawieraj\u0105 nazw\u0119 strony internetowej, z kt\u00f3rej pochodz\u0105, czas przechowywania ich na urz\u0105dzeniu ko\u0144cowym U\u017cytkownika oraz unikalny numer.<\/p>\n\n\n\n<p>Podmiotem zamieszczaj\u0105cym na urz\u0105dzeniu ko\u0144cowym U\u017cytkownika pliki cookies oraz uzyskuj\u0105cym do nich dost\u0119p jest ich Dostawca.<\/p>\n\n\n\n<p>Pliki cookies wykorzystywane s\u0105 w nast\u0119puj\u0105cych celach:<\/p>\n\n\n\n<ul class=\"wp-block-list\">\n<li>optymalizacji wy\u015bwietlanych stron Serwis\u00f3w;<\/li>\n\n\n\n<li>okre\u015blaniu preferencji U\u017cytkownika i dopasowywaniu do nich Us\u0142ug, np. poprzez zapami\u0119tanie ustawie\u0144 urz\u0105dzenia U\u017cytkownika;<\/li>\n\n\n\n<li>personalizacji interfejsu U\u017cytkownika;<\/li>\n\n\n\n<li>utrzymania sesji w przypadku U\u017cytkownik\u00f3w zalogowanych, przez co U\u017cytkownik nie musi logowa\u0107 si\u0119 na nowo na ka\u017cdej z odwiedzanych stron naszych Serwis\u00f3w;<\/li>\n\n\n\n<li>zbierania informacji o sposobie korzystania ze stron internetowych naszych Serwis\u00f3w, co pozwala na tworzenie statystyk i wykonywanie analiz dla ulepszania ich funkcjonalno\u015bci.<\/li>\n<\/ul>\n\n\n\n<p>W ramach Strony stosowane s\u0105 dwa zasadnicze rodzaje plik\u00f3w cookies: \u201esesyjne\u201d (session cookies) oraz \u201esta\u0142e\u201d (persistent cookies). Cookies \u201esesyjne\u201d s\u0105 plikami tymczasowymi, kt\u00f3re przechowywane s\u0105 w urz\u0105dzeniu ko\u0144cowym U\u017cytkownika do czasu wylogowania, opuszczenia Strony lub wy\u0142\u0105czenia oprogramowania (przegl\u0105darki internetowej). \u201eSta\u0142e\u201d pliki cookies przechowywane s\u0105 w urz\u0105dzeniu ko\u0144cowym U\u017cytkownika przez czas okre\u015blony w parametrach plik\u00f3w cookies lub do czasu ich usuni\u0119cia przez U\u017cytkownika.<\/p>\n\n\n\n<p>Oprogramowanie do przegl\u0105dania stron internetowych (przegl\u0105darka internetowa) zazwyczaj domy\u015blnie dopuszcza przechowywanie plik\u00f3w cookies w urz\u0105dzeniu ko\u0144cowym U\u017cytkownika. Ka\u017cdy U\u017cytkownik mo\u017ce dokona\u0107 zmiany ustawie\u0144 w tym zakresie.\u00a0Przegl\u0105darka internetowa umo\u017cliwia usuni\u0119cie plik\u00f3w cookies. Mo\u017cliwe jest tak\u017ce automatyczne blokowanie plik\u00f3w cookies. Szczeg\u00f3\u0142owe informacje na ten temat zawiera pomoc lub dokumentacja przegl\u0105darki internetowej.<\/p>\n\n\n\n<p>Ograniczenia stosowania plik\u00f3w cookies mog\u0105 wp\u0142yn\u0105\u0107 na niekt\u00f3re funkcjonalno\u015bci dost\u0119pne w ramach danej Strony www.<\/p>\n\n\n\n<p>Pliki cookies zamieszczane w urz\u0105dzeniu ko\u0144cowym U\u017cytkownika mog\u0105 by\u0107 wykorzystywane r\u00f3wnie\u017c przez wsp\u00f3\u0142pracuj\u0105ce z Dostawc\u0105 podmioty, w szczeg\u00f3lno\u015bci dotyczy to firm: Google (Google Inc. z siedzib\u0105 w USA), Facebook (Facebook Inc. z siedzib\u0105 w USA), Twitter (Twitter Inc. z siedzib\u0105 w USA).<\/p>\n\n\n\n<p>Je\u015bli U\u017cytkownik nie chce otrzymywa\u0107 plik\u00f3w cookies, mo\u017ce zmieni\u0107 ustawienia przegl\u0105darki. Dostawca zastrzega, \u017ce wy\u0142\u0105czenie obs\u0142ugi plik\u00f3w cookies niezb\u0119dnych dla proces\u00f3w uwierzytelniania, bezpiecze\u0144stwa, utrzymania preferencji U\u017cytkownika mo\u017ce utrudni\u0107,\u00a0a w skrajnych przypadkach mo\u017ce uniemo\u017cliwi\u0107 korzystanie z danej funkcjonalno\u015bci w ramach danej Strony www.<\/p>\n\n\n\n<p>W celu zarz\u0105dzania ustawieniami cookies nale\u017cy wybra\u0107 z poni\u017cszej listy przegl\u0105dark\u0119 internetow\u0105, z kt\u00f3rej korzysta U\u017cytkownik i post\u0119powa\u0107 zgodnie z instrukcjami:<\/p>\n\n\n\n<ul class=\"wp-block-list\">\n<li><a href=\"https:\/\/support.microsoft.com\/pl-pl\/help\/10607\/microsoft-edge-view-delete-browser-history\"><u>Edge<\/u><\/a><\/li>\n\n\n\n<li><a href=\"https:\/\/support.microsoft.com\/pl-pl\/help\/278835\/how-to-delete-cookie-files-in-internet-explorer\"><u>Internet Explorer<\/u><\/a><\/li>\n\n\n\n<li><a href=\"http:\/\/support.google.com\/chrome\/bin\/answer.py?hl=pl&amp;answer=95647\"><u>Chrome<\/u><\/a><\/li>\n\n\n\n<li><a href=\"http:\/\/support.apple.com\/kb\/PH5042\"><u>Safari<\/u><\/a><\/li>\n\n\n\n<li><a href=\"http:\/\/support.mozilla.org\/pl\/kb\/W%C5%82%C4%85czanie%20i%20wy%C5%82%C4%85czanie%20obs%C5%82ugi%20ciasteczek\"><u>Firefox<\/u><\/a><\/li>\n\n\n\n<li><a href=\"http:\/\/help.opera.com\/Windows\/12.10\/pl\/cookies.html\"><u>Opera<\/u><\/a><\/li>\n<\/ul>\n\n\n\n<p>Urz\u0105dzenia mobilne:<\/p>\n\n\n\n<ul class=\"wp-block-list\">\n<li>Android<\/li>\n\n\n\n<li>Safari (iOS)<\/li>\n\n\n\n<li>Windows Phone.<\/li>\n<\/ul>\n\n\n\n<h2 class=\"wp-block-heading\"><strong>III. <strong>Uaktualnienia Polityki<\/strong><\/strong><\/h2>\n\n\n\n<p>Niniejsza wersja polityki prywatno\u015bci INNOVATIKA obowi\u0105zuje od 01.09.2020.<\/p>\n\n\n\n<p>Wszelkie uaktualnienia b\u0119d\u0105 wprowadzane pod tym adresem URL i b\u0119d\u0105 obowi\u0105zywa\u0107 od momentu ich publikacji. Prosimy zatem o regularne sprawdzanie zawarto\u015bci strony.<\/p>\n","protected":false},"excerpt":{"rendered":"<p>W trosce o zachowanie prawa do prywatno\u015bci Klient\u00f3w, Wsp\u00f3\u0142pracownik\u00f3w i u\u017cytkownik\u00f3w stron internetowych (zwanych dalej \u201eU\u017cytkownikami\u201d oraz wymog\u00f3w wynikaj\u0105cych z przepis\u00f3w prawa, INNOVATIKA sp. z o.o. z siedzib\u0105 w Warszawie: ul. Koszykowa 61, 00-667 Warszawa (zwana dalej \u201eINNOVATIKA\u201d), publikuje niniejsz\u0105 Polityk\u0119 Ochrony Prywatno\u015bci (dalej \u201ePolityka\u201d), w kt\u00f3rym wyja\u015bnia i informuje o sposobie, w jaki dane [&hellip;]<\/p>\n","protected":false},"author":1,"featured_media":0,"parent":0,"menu_order":0,"comment_status":"closed","ping_status":"closed","template":"","meta":{"inline_featured_image":false,"footnotes":""},"class_list":["post-674","page","type-page","status-publish","hentry"],"acf":[],"yoast_head":"<!-- This site is optimized with the Yoast SEO plugin v22.4 - https:\/\/yoast.com\/wordpress\/plugins\/seo\/ -->\n<title>Polityka prywatno\u015bci - Innovatika<\/title>\n<meta name=\"robots\" content=\"index, follow, max-snippet:-1, max-image-preview:large, max-video-preview:-1\" \/>\n<link rel=\"canonical\" href=\"https:\/\/innovatika.sowiak.dev\/pl\/polityka-prywatnosci\/\" \/>\n<meta property=\"og:locale\" content=\"pl_PL\" \/>\n<meta property=\"og:type\" content=\"article\" \/>\n<meta property=\"og:title\" content=\"Polityka prywatno\u015bci - Innovatika\" \/>\n<meta property=\"og:description\" content=\"W trosce o zachowanie prawa do prywatno\u015bci Klient\u00f3w, Wsp\u00f3\u0142pracownik\u00f3w i u\u017cytkownik\u00f3w stron internetowych (zwanych dalej \u201eU\u017cytkownikami\u201d oraz wymog\u00f3w wynikaj\u0105cych z przepis\u00f3w prawa, INNOVATIKA sp. z o.o. z siedzib\u0105 w Warszawie: ul. Koszykowa 61, 00-667 Warszawa (zwana dalej \u201eINNOVATIKA\u201d), publikuje niniejsz\u0105 Polityk\u0119 Ochrony Prywatno\u015bci (dalej \u201ePolityka\u201d), w kt\u00f3rym wyja\u015bnia i informuje o sposobie, w jaki dane [&hellip;]\" \/>\n<meta property=\"og:url\" content=\"https:\/\/innovatika.sowiak.dev\/pl\/polityka-prywatnosci\/\" \/>\n<meta property=\"og:site_name\" content=\"Innovatika\" \/>\n<meta property=\"article:modified_time\" content=\"2023-08-29T21:35:50+00:00\" \/>\n<meta name=\"twitter:label1\" content=\"Szacowany czas czytania\" \/>\n\t<meta name=\"twitter:data1\" content=\"10 minut\" \/>\n<script type=\"application\/ld+json\" class=\"yoast-schema-graph\">{\"@context\":\"https:\/\/schema.org\",\"@graph\":[{\"@type\":\"WebPage\",\"@id\":\"https:\/\/innovatika.sowiak.dev\/pl\/polityka-prywatnosci\/\",\"url\":\"https:\/\/innovatika.sowiak.dev\/pl\/polityka-prywatnosci\/\",\"name\":\"Polityka prywatno\u015bci - Innovatika\",\"isPartOf\":{\"@id\":\"https:\/\/innovatika.sowiak.dev\/#website\"},\"datePublished\":\"2023-08-29T21:26:06+00:00\",\"dateModified\":\"2023-08-29T21:35:50+00:00\",\"inLanguage\":\"pl-PL\",\"potentialAction\":[{\"@type\":\"ReadAction\",\"target\":[\"https:\/\/innovatika.sowiak.dev\/pl\/polityka-prywatnosci\/\"]}]},{\"@type\":\"WebSite\",\"@id\":\"https:\/\/innovatika.sowiak.dev\/#website\",\"url\":\"https:\/\/innovatika.sowiak.dev\/\",\"name\":\"Innovatika\",\"description\":\"\",\"potentialAction\":[{\"@type\":\"SearchAction\",\"target\":{\"@type\":\"EntryPoint\",\"urlTemplate\":\"https:\/\/innovatika.sowiak.dev\/?s={search_term_string}\"},\"query-input\":\"required name=search_term_string\"}],\"inLanguage\":\"pl-PL\"}]}<\/script>\n<!-- \/ Yoast SEO plugin. -->","yoast_head_json":{"title":"Polityka prywatno\u015bci - Innovatika","robots":{"index":"index","follow":"follow","max-snippet":"max-snippet:-1","max-image-preview":"max-image-preview:large","max-video-preview":"max-video-preview:-1"},"canonical":"https:\/\/innovatika.sowiak.dev\/pl\/polityka-prywatnosci\/","og_locale":"pl_PL","og_type":"article","og_title":"Polityka prywatno\u015bci - Innovatika","og_description":"W trosce o zachowanie prawa do prywatno\u015bci Klient\u00f3w, Wsp\u00f3\u0142pracownik\u00f3w i u\u017cytkownik\u00f3w stron internetowych (zwanych dalej \u201eU\u017cytkownikami\u201d oraz wymog\u00f3w wynikaj\u0105cych z przepis\u00f3w prawa, INNOVATIKA sp. z o.o. z siedzib\u0105 w Warszawie: ul. Koszykowa 61, 00-667 Warszawa (zwana dalej \u201eINNOVATIKA\u201d), publikuje niniejsz\u0105 Polityk\u0119 Ochrony Prywatno\u015bci (dalej \u201ePolityka\u201d), w kt\u00f3rym wyja\u015bnia i informuje o sposobie, w jaki dane [&hellip;]","og_url":"https:\/\/innovatika.sowiak.dev\/pl\/polityka-prywatnosci\/","og_site_name":"Innovatika","article_modified_time":"2023-08-29T21:35:50+00:00","twitter_misc":{"Szacowany czas czytania":"10 minut"},"schema":{"@context":"https:\/\/schema.org","@graph":[{"@type":"WebPage","@id":"https:\/\/innovatika.sowiak.dev\/pl\/polityka-prywatnosci\/","url":"https:\/\/innovatika.sowiak.dev\/pl\/polityka-prywatnosci\/","name":"Polityka prywatno\u015bci - Innovatika","isPartOf":{"@id":"https:\/\/innovatika.sowiak.dev\/#website"},"datePublished":"2023-08-29T21:26:06+00:00","dateModified":"2023-08-29T21:35:50+00:00","inLanguage":"pl-PL","potentialAction":[{"@type":"ReadAction","target":["https:\/\/innovatika.sowiak.dev\/pl\/polityka-prywatnosci\/"]}]},{"@type":"WebSite","@id":"https:\/\/innovatika.sowiak.dev\/#website","url":"https:\/\/innovatika.sowiak.dev\/","name":"Innovatika","description":"","potentialAction":[{"@type":"SearchAction","target":{"@type":"EntryPoint","urlTemplate":"https:\/\/innovatika.sowiak.dev\/?s={search_term_string}"},"query-input":"required name=search_term_string"}],"inLanguage":"pl-PL"}]}},"_links":{"self":[{"href":"https:\/\/innovatika.sowiak.dev\/pl\/wp-json\/wp\/v2\/pages\/674","targetHints":{"allow":["GET"]}}],"collection":[{"href":"https:\/\/innovatika.sowiak.dev\/pl\/wp-json\/wp\/v2\/pages"}],"about":[{"href":"https:\/\/innovatika.sowiak.dev\/pl\/wp-json\/wp\/v2\/types\/page"}],"author":[{"embeddable":true,"href":"https:\/\/innovatika.sowiak.dev\/pl\/wp-json\/wp\/v2\/users\/1"}],"replies":[{"embeddable":true,"href":"https:\/\/innovatika.sowiak.dev\/pl\/wp-json\/wp\/v2\/comments?post=674"}],"version-history":[{"count":3,"href":"https:\/\/innovatika.sowiak.dev\/pl\/wp-json\/wp\/v2\/pages\/674\/revisions"}],"predecessor-version":[{"id":681,"href":"https:\/\/innovatika.sowiak.dev\/pl\/wp-json\/wp\/v2\/pages\/674\/revisions\/681"}],"wp:attachment":[{"href":"https:\/\/innovatika.sowiak.dev\/pl\/wp-json\/wp\/v2\/media?parent=674"}],"curies":[{"name":"wp","href":"https:\/\/api.w.org\/{rel}","templated":true}]}}